{"id":633,"date":"2023-09-11T10:59:42","date_gmt":"2023-09-11T08:59:42","guid":{"rendered":"https:\/\/www.sieva.fr\/SIEVA2023\/?page_id=633"},"modified":"2023-09-21T14:49:51","modified_gmt":"2023-09-21T12:49:51","slug":"jemmenage","status":"publish","type":"page","link":"https:\/\/www.sieva.fr\/SIEVA2023\/jemmenage\/","title":{"rendered":"J&#8217;emm\u00e9nage"},"content":{"rendered":"\t\t<div data-elementor-type=\"wp-page\" data-elementor-id=\"633\" class=\"elementor elementor-633\" data-elementor-post-type=\"page\">\n\t\t\t\t\t\t\t\t\t<section class=\"elementor-section elementor-top-section elementor-element elementor-element-51d7c725 elementor-section-height-min-height elementor-section-boxed elementor-section-height-default elementor-section-items-middle\" data-id=\"51d7c725\" data-element_type=\"section\">\n\t\t\t\t\t\t<div class=\"elementor-container elementor-column-gap-default\">\n\t\t\t\t\t<div class=\"elementor-column elementor-col-50 elementor-top-column elementor-element elementor-element-33b0b416\" data-id=\"33b0b416\" data-element_type=\"column\">\n\t\t\t<div class=\"elementor-widget-wrap elementor-element-populated\">\n\t\t\t\t\t\t\t\t<div class=\"elementor-element elementor-element-2374953c elementor-view-default elementor-widget elementor-widget-icon\" data-id=\"2374953c\" data-element_type=\"widget\" data-widget_type=\"icon.default\">\n\t\t\t\t<div class=\"elementor-widget-container\">\n\t\t\t\t\t<div class=\"elementor-icon-wrapper\">\n\t\t\t<div class=\"elementor-icon\">\n\t\t\t<svg xmlns=\"http:\/\/www.w3.org\/2000\/svg\" id=\"Calque_2\" viewBox=\"0 0 159.15 159.15\"><defs><style>.cls-1{fill:#fffdf3;}.cls-2{fill:#21b9e5;}.cls-3{fill:#2663ad;}<\/style><\/defs><g id=\"Calque_1-2\"><g id=\"Calque_1-3\"><circle class=\"cls-3\" cx=\"79.57\" cy=\"79.57\" r=\"79.57\"><\/circle><path class=\"cls-2\" d=\"m130.21,102.61c0,27.97-22.67,50.64-50.64,50.64s-50.64-22.67-50.64-50.64S79.58,4.34,79.58,4.34c0,0,50.64,70.31,50.64,98.27Z\"><\/path><path class=\"cls-1\" d=\"m118.93,103.64c0,21.83-17.7,39.53-39.53,39.53s-39.53-17.7-39.53-39.53S79.4,26.92,79.4,26.92c0,0,39.53,54.88,39.53,76.72Z\"><\/path><path class=\"cls-3\" d=\"m108.59,105.21c0,16.33-13.24,29.57-29.58,29.57s-29.58-13.24-29.58-29.57,29.58-57.4,29.58-57.4c0,0,29.58,41.06,29.58,57.4Z\"><\/path><path class=\"cls-3\" d=\"m98.41,106.67c0,10.72-8.69,19.4-19.4,19.4s-19.4-8.69-19.4-19.4,19.4-37.66,19.4-37.66c0,0,19.4,26.94,19.4,37.66Z\"><\/path><\/g><\/g><\/svg>\t\t\t<\/div>\n\t\t<\/div>\n\t\t\t\t<\/div>\n\t\t\t\t<\/div>\n\t\t\t\t\t<\/div>\n\t\t<\/div>\n\t\t\t\t<div class=\"elementor-column elementor-col-50 elementor-top-column elementor-element elementor-element-2ba41da2\" data-id=\"2ba41da2\" data-element_type=\"column\">\n\t\t\t<div class=\"elementor-widget-wrap elementor-element-populated\">\n\t\t\t\t\t\t\t\t<div class=\"elementor-element elementor-element-5b2a478d elementor-widget elementor-widget-heading\" data-id=\"5b2a478d\" data-element_type=\"widget\" data-widget_type=\"heading.default\">\n\t\t\t\t<div class=\"elementor-widget-container\">\n\t\t\t<style>\/*! elementor - v3.17.0 - 08-11-2023 *\/\n.elementor-heading-title{padding:0;margin:0;line-height:1}.elementor-widget-heading .elementor-heading-title[class*=elementor-size-]>a{color:inherit;font-size:inherit;line-height:inherit}.elementor-widget-heading .elementor-heading-title.elementor-size-small{font-size:15px}.elementor-widget-heading .elementor-heading-title.elementor-size-medium{font-size:19px}.elementor-widget-heading .elementor-heading-title.elementor-size-large{font-size:29px}.elementor-widget-heading .elementor-heading-title.elementor-size-xl{font-size:39px}.elementor-widget-heading .elementor-heading-title.elementor-size-xxl{font-size:59px}<\/style><h2 class=\"elementor-heading-title elementor-size-default\">J'emm\u00e9nage ... <\/h2>\t\t<\/div>\n\t\t\t\t<\/div>\n\t\t\t\t\t<\/div>\n\t\t<\/div>\n\t\t\t\t\t\t\t<\/div>\n\t\t<\/section>\n\t\t\t\t<section class=\"elementor-section elementor-top-section elementor-element elementor-element-4f0b3236 elementor-section-boxed elementor-section-height-default elementor-section-height-default\" data-id=\"4f0b3236\" data-element_type=\"section\">\n\t\t\t\t\t\t<div class=\"elementor-container elementor-column-gap-default\">\n\t\t\t\t\t<div class=\"elementor-column elementor-col-100 elementor-top-column elementor-element elementor-element-2da762a4\" data-id=\"2da762a4\" data-element_type=\"column\">\n\t\t\t<div class=\"elementor-widget-wrap elementor-element-populated\">\n\t\t\t\t\t\t\t\t<div class=\"elementor-element elementor-element-3fa5a611 elementor-widget-divider--separator-type-pattern elementor-widget-divider--view-line elementor-widget elementor-widget-divider\" data-id=\"3fa5a611\" data-element_type=\"widget\" data-widget_type=\"divider.default\">\n\t\t\t\t<div class=\"elementor-widget-container\">\n\t\t\t<style>\/*! elementor - v3.17.0 - 08-11-2023 *\/\n.elementor-widget-divider{--divider-border-style:none;--divider-border-width:1px;--divider-color:#0c0d0e;--divider-icon-size:20px;--divider-element-spacing:10px;--divider-pattern-height:24px;--divider-pattern-size:20px;--divider-pattern-url:none;--divider-pattern-repeat:repeat-x}.elementor-widget-divider .elementor-divider{display:flex}.elementor-widget-divider .elementor-divider__text{font-size:15px;line-height:1;max-width:95%}.elementor-widget-divider .elementor-divider__element{margin:0 var(--divider-element-spacing);flex-shrink:0}.elementor-widget-divider .elementor-icon{font-size:var(--divider-icon-size)}.elementor-widget-divider .elementor-divider-separator{display:flex;margin:0;direction:ltr}.elementor-widget-divider--view-line_icon .elementor-divider-separator,.elementor-widget-divider--view-line_text .elementor-divider-separator{align-items:center}.elementor-widget-divider--view-line_icon .elementor-divider-separator:after,.elementor-widget-divider--view-line_icon .elementor-divider-separator:before,.elementor-widget-divider--view-line_text .elementor-divider-separator:after,.elementor-widget-divider--view-line_text .elementor-divider-separator:before{display:block;content:\"\";border-bottom:0;flex-grow:1;border-top:var(--divider-border-width) var(--divider-border-style) var(--divider-color)}.elementor-widget-divider--element-align-left .elementor-divider .elementor-divider-separator>.elementor-divider__svg:first-of-type{flex-grow:0;flex-shrink:100}.elementor-widget-divider--element-align-left .elementor-divider-separator:before{content:none}.elementor-widget-divider--element-align-left .elementor-divider__element{margin-left:0}.elementor-widget-divider--element-align-right .elementor-divider .elementor-divider-separator>.elementor-divider__svg:last-of-type{flex-grow:0;flex-shrink:100}.elementor-widget-divider--element-align-right .elementor-divider-separator:after{content:none}.elementor-widget-divider--element-align-right .elementor-divider__element{margin-right:0}.elementor-widget-divider:not(.elementor-widget-divider--view-line_text):not(.elementor-widget-divider--view-line_icon) .elementor-divider-separator{border-top:var(--divider-border-width) var(--divider-border-style) var(--divider-color)}.elementor-widget-divider--separator-type-pattern{--divider-border-style:none}.elementor-widget-divider--separator-type-pattern.elementor-widget-divider--view-line .elementor-divider-separator,.elementor-widget-divider--separator-type-pattern:not(.elementor-widget-divider--view-line) .elementor-divider-separator:after,.elementor-widget-divider--separator-type-pattern:not(.elementor-widget-divider--view-line) .elementor-divider-separator:before,.elementor-widget-divider--separator-type-pattern:not([class*=elementor-widget-divider--view]) .elementor-divider-separator{width:100%;min-height:var(--divider-pattern-height);-webkit-mask-size:var(--divider-pattern-size) 100%;mask-size:var(--divider-pattern-size) 100%;-webkit-mask-repeat:var(--divider-pattern-repeat);mask-repeat:var(--divider-pattern-repeat);background-color:var(--divider-color);-webkit-mask-image:var(--divider-pattern-url);mask-image:var(--divider-pattern-url)}.elementor-widget-divider--no-spacing{--divider-pattern-size:auto}.elementor-widget-divider--bg-round{--divider-pattern-repeat:round}.rtl .elementor-widget-divider .elementor-divider__text{direction:rtl}.e-con-inner>.elementor-widget-divider,.e-con>.elementor-widget-divider{width:var(--container-widget-width,100%);--flex-grow:var(--container-widget-flex-grow)}<\/style>\t\t<div class=\"elementor-divider\" style=\"--divider-pattern-url: url(&quot;data:image\/svg+xml,%3Csvg xmlns=&#039;http:\/\/www.w3.org\/2000\/svg&#039; preserveAspectRatio=&#039;none&#039; overflow=&#039;visible&#039; height=&#039;100%&#039; viewBox=&#039;0 0 20 16&#039; fill=&#039;none&#039; stroke=&#039;black&#039; stroke-width=&#039;1&#039; stroke-linecap=&#039;square&#039; stroke-miterlimit=&#039;10&#039;%3E%3Cg transform=&#039;translate(-12.000000, 0)&#039;%3E%3Cpath d=&#039;M28,0L10,18&#039;\/%3E%3Cpath d=&#039;M18,0L0,18&#039;\/%3E%3Cpath d=&#039;M48,0L30,18&#039;\/%3E%3Cpath d=&#039;M38,0L20,18&#039;\/%3E%3C\/g%3E%3C\/svg%3E&quot;);\">\n\t\t\t<span class=\"elementor-divider-separator\">\n\t\t\t\t\t\t<\/span>\n\t\t<\/div>\n\t\t\t\t<\/div>\n\t\t\t\t<\/div>\n\t\t\t\t\t<\/div>\n\t\t<\/div>\n\t\t\t\t\t\t\t<\/div>\n\t\t<\/section>\n\t\t\t\t<section class=\"elementor-section elementor-top-section elementor-element elementor-element-311408b0 elementor-section-boxed elementor-section-height-default elementor-section-height-default\" data-id=\"311408b0\" data-element_type=\"section\">\n\t\t\t\t\t\t<div class=\"elementor-container elementor-column-gap-default\">\n\t\t\t\t\t<div class=\"elementor-column elementor-col-100 elementor-top-column elementor-element elementor-element-3fb273dd\" data-id=\"3fb273dd\" data-element_type=\"column\">\n\t\t\t<div class=\"elementor-widget-wrap\">\n\t\t\t\t\t\t\t\t\t<\/div>\n\t\t<\/div>\n\t\t\t\t\t\t\t<\/div>\n\t\t<\/section>\n\t\t\t\t<section class=\"elementor-section elementor-top-section elementor-element elementor-element-1d72ba8 elementor-section-boxed elementor-section-height-default elementor-section-height-default\" data-id=\"1d72ba8\" data-element_type=\"section\">\n\t\t\t\t\t\t<div class=\"elementor-container elementor-column-gap-default\">\n\t\t\t\t\t<div class=\"elementor-column elementor-col-50 elementor-top-column elementor-element elementor-element-94f3b55\" data-id=\"94f3b55\" data-element_type=\"column\">\n\t\t\t<div class=\"elementor-widget-wrap elementor-element-populated\">\n\t\t\t\t\t\t\t\t<div class=\"elementor-element elementor-element-4bd45651 elementor-widget elementor-widget-text-editor\" data-id=\"4bd45651\" data-element_type=\"widget\" data-widget_type=\"text-editor.default\">\n\t\t\t\t<div class=\"elementor-widget-container\">\n\t\t\t<style>\/*! elementor - v3.17.0 - 08-11-2023 *\/\n.elementor-widget-text-editor.elementor-drop-cap-view-stacked .elementor-drop-cap{background-color:#69727d;color:#fff}.elementor-widget-text-editor.elementor-drop-cap-view-framed .elementor-drop-cap{color:#69727d;border:3px solid;background-color:transparent}.elementor-widget-text-editor:not(.elementor-drop-cap-view-default) .elementor-drop-cap{margin-top:8px}.elementor-widget-text-editor:not(.elementor-drop-cap-view-default) .elementor-drop-cap-letter{width:1em;height:1em}.elementor-widget-text-editor .elementor-drop-cap{float:left;text-align:center;line-height:1;font-size:50px}.elementor-widget-text-editor .elementor-drop-cap-letter{display:inline-block}<\/style>\t\t\t\t<p style=\"font-weight: 400;\"><img loading=\"lazy\" decoding=\"async\" class=\"size-medium wp-image-900 alignleft\" src=\"https:\/\/www.sieva.fr\/SIEVA2023\/wp-content\/uploads\/2023\/09\/jemmenage-300x200.jpg\" alt=\"\" width=\"300\" height=\"200\" srcset=\"https:\/\/www.sieva.fr\/SIEVA2023\/wp-content\/uploads\/2023\/09\/jemmenage-300x200.jpg 300w, https:\/\/www.sieva.fr\/SIEVA2023\/wp-content\/uploads\/2023\/09\/jemmenage.jpg 600w\" sizes=\"auto, (max-width: 300px) 100vw, 300px\" \/><\/p><p>\u00a0<\/p><p style=\"font-weight: 400;\">Nous vous invitons \u00e0 remplir les formalit\u00e9s d\u2019une demande d\u2019abonnement aupr\u00e8s de nos services d\u00e8s l\u2019entr\u00e9e dans votre nouveau logement ou d\u00e8s la cr\u00e9ation d\u2019un nouveau branchement.<\/p><p>\u00a0<\/p><p>\u00a0<\/p><p>\u00a0<\/p><p style=\"font-weight: 400;\"><strong>Pour ce faire vous devez remplir le document \u00ab\u00a0demande d\u2019abonnement\u00a0\u00bb ci-apr\u00e8s et nous le retourner\u00a0:<\/strong><\/p><ul><li>Par mail \u00e0 l\u2019adresse\u00a0: <a href=\"mailto:accueil@sieva.fr\">accueil@sieva.fr<\/a><\/li><li>Par courrier\u00a0: SIEVA -183 route de Lozanne 69380 CHAZAY D\u2019AZERGUES<\/li><li>Ou en le d\u00e9posant directement au guichet de l\u2019agence<\/li><\/ul><p style=\"font-weight: 400;\"><strong>Le formulaire de demande d\u2019abonnement doit \u00eatre obligatoirement accompagn\u00e9 des documents suivant\u00a0:<\/strong><\/p><ul><li>Pi\u00e8ce(s) d\u2019identit\u00e9<\/li><li>Bail ou attestation de propri\u00e9t\u00e9<\/li><li>Relev\u00e9 du compteur<\/li><li>Mandat de pr\u00e9l\u00e8vement si vous souhaitez \u00eatre pr\u00e9lev\u00e9 (document \u00e0 t\u00e9l\u00e9charger ci-dessous)<\/li><li>Ch\u00e8que de 42\u20ac00 \u00e0 l\u2019ordre du SIEVA, sauf pour les communes de la M\u00e9tropole de Lyon (Lissieu, Quincieux et la Tour de Salvagny) un ch\u00e8que d\u2019un montant de 40\u20ac80 sera demand\u00e9. (possibilit\u00e9 de payer en esp\u00e8ces en carte bancaire directement \u00e0 l\u2019agence).<\/li><\/ul>\t\t\t\t\t\t<\/div>\n\t\t\t\t<\/div>\n\t\t\t\t<div class=\"elementor-element elementor-element-52d5739 elementor-position-left elementor-view-default elementor-mobile-position-top elementor-vertical-align-top elementor-widget elementor-widget-icon-box\" data-id=\"52d5739\" data-element_type=\"widget\" data-widget_type=\"icon-box.default\">\n\t\t\t\t<div class=\"elementor-widget-container\">\n\t\t\t<link rel=\"stylesheet\" href=\"https:\/\/www.sieva.fr\/SIEVA2023\/wp-content\/plugins\/elementor\/assets\/css\/widget-icon-box.min.css\">\t\t<div class=\"elementor-icon-box-wrapper\">\n\t\t\t\t\t\t<div class=\"elementor-icon-box-icon\">\n\t\t\t\t<a href=\"https:\/\/www.sieva.fr\/SIEVA2023\/wp-content\/uploads\/2023\/09\/SIEVA-DEMANDE_ABONNEMENT_202206.pdf\" target=\"_blank\" class=\"elementor-icon elementor-animation-\" tabindex=\"-1\">\n\t\t\t\t<i aria-hidden=\"true\" class=\"far fa-file-pdf\"><\/i>\t\t\t\t<\/a>\n\t\t\t<\/div>\n\t\t\t\t\t\t<div class=\"elementor-icon-box-content\">\n\t\t\t\t<h3 class=\"elementor-icon-box-title\">\n\t\t\t\t\t<a href=\"https:\/\/www.sieva.fr\/SIEVA2023\/wp-content\/uploads\/2023\/09\/SIEVA-DEMANDE_ABONNEMENT_202206.pdf\" target=\"_blank\" >\n\t\t\t\t\t\tT\u00e9l\u00e9charger la demande d'abonnement\t\t\t\t\t<\/a>\n\t\t\t\t<\/h3>\n\t\t\t\t\t\t\t<\/div>\n\t\t<\/div>\n\t\t\t\t<\/div>\n\t\t\t\t<\/div>\n\t\t\t\t<div class=\"elementor-element elementor-element-7ba8ce8 elementor-position-left elementor-view-default elementor-mobile-position-top elementor-vertical-align-top elementor-widget elementor-widget-icon-box\" data-id=\"7ba8ce8\" data-element_type=\"widget\" data-widget_type=\"icon-box.default\">\n\t\t\t\t<div class=\"elementor-widget-container\">\n\t\t\t\t\t<div class=\"elementor-icon-box-wrapper\">\n\t\t\t\t\t\t<div class=\"elementor-icon-box-icon\">\n\t\t\t\t<a href=\"https:\/\/www.sieva.fr\/SIEVA2023\/wp-content\/uploads\/2023\/09\/SIEVA-mandat_de_prelevement_SEPA.pdf\" target=\"_blank\" class=\"elementor-icon elementor-animation-\" tabindex=\"-1\">\n\t\t\t\t<i aria-hidden=\"true\" class=\"far fa-file-pdf\"><\/i>\t\t\t\t<\/a>\n\t\t\t<\/div>\n\t\t\t\t\t\t<div class=\"elementor-icon-box-content\">\n\t\t\t\t<h3 class=\"elementor-icon-box-title\">\n\t\t\t\t\t<a href=\"https:\/\/www.sieva.fr\/SIEVA2023\/wp-content\/uploads\/2023\/09\/SIEVA-mandat_de_prelevement_SEPA.pdf\" target=\"_blank\" >\n\t\t\t\t\t\tT\u00e9l\u00e9charger le mandat de pr\u00e9l\u00e8vement\t\t\t\t\t<\/a>\n\t\t\t\t<\/h3>\n\t\t\t\t\t\t\t<\/div>\n\t\t<\/div>\n\t\t\t\t<\/div>\n\t\t\t\t<\/div>\n\t\t\t\t\t<\/div>\n\t\t<\/div>\n\t\t\t\t<div class=\"elementor-column elementor-col-50 elementor-top-column elementor-element elementor-element-caea007\" data-id=\"caea007\" data-element_type=\"column\">\n\t\t\t<div class=\"elementor-widget-wrap elementor-element-populated\">\n\t\t\t\t\t\t\t\t<div class=\"elementor-element elementor-element-78b9acc elementor-widget elementor-widget-template\" data-id=\"78b9acc\" data-element_type=\"widget\" data-widget_type=\"template.default\">\n\t\t\t\t<div class=\"elementor-widget-container\">\n\t\t\t\t\t<div class=\"elementor-template\">\n\t\t\t\t\t<div data-elementor-type=\"page\" data-elementor-id=\"651\" class=\"elementor elementor-651\" data-elementor-post-type=\"elementor_library\">\n\t\t\t\t\t\t\t\t\t<section class=\"elementor-section elementor-top-section elementor-element elementor-element-54a35f79 elementor-section-boxed elementor-section-height-default elementor-section-height-default\" data-id=\"54a35f79\" data-element_type=\"section\" data-settings=\"{&quot;background_background&quot;:&quot;classic&quot;}\">\n\t\t\t\t\t\t<div class=\"elementor-container elementor-column-gap-default\">\n\t\t\t\t\t<div class=\"elementor-column elementor-col-100 elementor-top-column elementor-element elementor-element-22376643\" data-id=\"22376643\" data-element_type=\"column\">\n\t\t\t<div class=\"elementor-widget-wrap elementor-element-populated\">\n\t\t\t\t\t\t\t\t<div class=\"elementor-element elementor-element-209579e4 elementor-position-left elementor-view-default elementor-mobile-position-top elementor-vertical-align-top elementor-widget elementor-widget-icon-box\" data-id=\"209579e4\" data-element_type=\"widget\" data-widget_type=\"icon-box.default\">\n\t\t\t\t<div class=\"elementor-widget-container\">\n\t\t\t\t\t<div class=\"elementor-icon-box-wrapper\">\n\t\t\t\t\t\t<div class=\"elementor-icon-box-icon\">\n\t\t\t\t<span  class=\"elementor-icon elementor-animation-\">\n\t\t\t\t<i aria-hidden=\"true\" class=\"far fa-comments\"><\/i>\t\t\t\t<\/span>\n\t\t\t<\/div>\n\t\t\t\t\t\t<div class=\"elementor-icon-box-content\">\n\t\t\t\t<h3 class=\"elementor-icon-box-title\">\n\t\t\t\t\t<span  >\n\t\t\t\t\t\tContact\t\t\t\t\t<\/span>\n\t\t\t\t<\/h3>\n\t\t\t\t\t\t\t<\/div>\n\t\t<\/div>\n\t\t\t\t<\/div>\n\t\t\t\t<\/div>\n\t\t\t\t<div class=\"elementor-element elementor-element-3bdd14aa elementor-widget elementor-widget-text-editor\" data-id=\"3bdd14aa\" data-element_type=\"widget\" data-widget_type=\"text-editor.default\">\n\t\t\t\t<div class=\"elementor-widget-container\">\n\t\t\t\t\t\t\t<p><strong>SIEVA<br \/><\/strong><span style=\"color: var( --e-global-color-text ); font-family: var( --e-global-typography-text-font-family ), Sans-serif; font-size: 1rem;\">T\u00e9l. 04 37 46 12 00<br \/><\/span><a href=\"mailto:accueil@sieva.fr\">Courriel<\/a><br \/><a href=\"https:\/\/www.sieva.fr\/SIEVA2023\/numero-durgence\/\">N\u00b0 d&#8217;urgence<\/a><br \/><a href=\"https:\/\/www.sieva.fr\/SIEVA2023\/horaires-du-sieva\/\">Horaires d&#8217;ouverture<\/a><\/p><p><a href=\"https:\/\/ael.sieva.fr\/portail\" target=\"_blank\" rel=\"noopener\"><strong>Mon agence en ligne<\/strong><\/a><\/p>\t\t\t\t\t\t<\/div>\n\t\t\t\t<\/div>\n\t\t\t\t\t<\/div>\n\t\t<\/div>\n\t\t\t\t\t\t\t<\/div>\n\t\t<\/section>\n\t\t\t\t\t\t\t<\/div>\n\t\t\t\t<\/div>\n\t\t\t\t<\/div>\n\t\t\t\t<\/div>\n\t\t\t\t\t<\/div>\n\t\t<\/div>\n\t\t\t\t\t\t\t<\/div>\n\t\t<\/section>\n\t\t\t\t\t\t\t<\/div>\n\t\t","protected":false},"excerpt":{"rendered":"<p>J&#8217;emm\u00e9nage &#8230; \u00a0 Nous vous invitons \u00e0 remplir les formalit\u00e9s d\u2019une demande d\u2019abonnement aupr\u00e8s de nos services d\u00e8s l\u2019entr\u00e9e dans votre nouveau logement ou d\u00e8s la cr\u00e9ation d\u2019un nouveau branchement. \u00a0 \u00a0 \u00a0 Pour ce faire vous devez remplir le document \u00ab\u00a0demande d\u2019abonnement\u00a0\u00bb ci-apr\u00e8s et nous le retourner\u00a0: Par mail \u00e0 l\u2019adresse\u00a0: accueil@sieva.fr Par courrier\u00a0: [&hellip;]<\/p>\n","protected":false},"author":1,"featured_media":0,"parent":0,"menu_order":0,"comment_status":"closed","ping_status":"closed","template":"","meta":{"footnotes":""},"class_list":["post-633","page","type-page","status-publish","hentry"],"_links":{"self":[{"href":"https:\/\/www.sieva.fr\/SIEVA2023\/wp-json\/wp\/v2\/pages\/633","targetHints":{"allow":["GET"]}}],"collection":[{"href":"https:\/\/www.sieva.fr\/SIEVA2023\/wp-json\/wp\/v2\/pages"}],"about":[{"href":"https:\/\/www.sieva.fr\/SIEVA2023\/wp-json\/wp\/v2\/types\/page"}],"author":[{"embeddable":true,"href":"https:\/\/www.sieva.fr\/SIEVA2023\/wp-json\/wp\/v2\/users\/1"}],"replies":[{"embeddable":true,"href":"https:\/\/www.sieva.fr\/SIEVA2023\/wp-json\/wp\/v2\/comments?post=633"}],"version-history":[{"count":43,"href":"https:\/\/www.sieva.fr\/SIEVA2023\/wp-json\/wp\/v2\/pages\/633\/revisions"}],"predecessor-version":[{"id":1054,"href":"https:\/\/www.sieva.fr\/SIEVA2023\/wp-json\/wp\/v2\/pages\/633\/revisions\/1054"}],"wp:attachment":[{"href":"https:\/\/www.sieva.fr\/SIEVA2023\/wp-json\/wp\/v2\/media?parent=633"}],"curies":[{"name":"wp","href":"https:\/\/api.w.org\/{rel}","templated":true}]}}