{"id":522,"date":"2023-09-08T10:58:00","date_gmt":"2023-09-08T08:58:00","guid":{"rendered":"https:\/\/www.sieva.fr\/SIEVA2023\/?page_id=522"},"modified":"2023-11-10T09:13:10","modified_gmt":"2023-11-10T08:13:10","slug":"le-mot-du-president","status":"publish","type":"page","link":"https:\/\/www.sieva.fr\/SIEVA2023\/le-mot-du-president\/","title":{"rendered":"Le mot du pr\u00e9sident"},"content":{"rendered":"\t\t<div data-elementor-type=\"wp-page\" data-elementor-id=\"522\" class=\"elementor elementor-522\" data-elementor-post-type=\"page\">\n\t\t\t\t\t\t\t\t\t<section class=\"elementor-section elementor-top-section elementor-element elementor-element-5d80f107 elementor-section-height-min-height elementor-section-boxed elementor-section-height-default elementor-section-items-middle\" data-id=\"5d80f107\" data-element_type=\"section\">\n\t\t\t\t\t\t<div class=\"elementor-container elementor-column-gap-default\">\n\t\t\t\t\t<div class=\"elementor-column elementor-col-50 elementor-top-column elementor-element elementor-element-760b68b5\" data-id=\"760b68b5\" data-element_type=\"column\">\n\t\t\t<div class=\"elementor-widget-wrap elementor-element-populated\">\n\t\t\t\t\t\t\t\t<div class=\"elementor-element elementor-element-282ca8e5 elementor-view-default elementor-widget elementor-widget-icon\" data-id=\"282ca8e5\" data-element_type=\"widget\" data-widget_type=\"icon.default\">\n\t\t\t\t<div class=\"elementor-widget-container\">\n\t\t\t\t\t<div class=\"elementor-icon-wrapper\">\n\t\t\t<div class=\"elementor-icon\">\n\t\t\t<svg xmlns=\"http:\/\/www.w3.org\/2000\/svg\" id=\"Calque_2\" viewBox=\"0 0 159.15 159.15\"><defs><style>.cls-1{fill:#fffdf3;}.cls-2{fill:#21b9e5;}.cls-3{fill:#2663ad;}<\/style><\/defs><g id=\"Calque_1-2\"><g id=\"Calque_1-3\"><circle class=\"cls-3\" cx=\"79.57\" cy=\"79.57\" r=\"79.57\"><\/circle><path class=\"cls-2\" d=\"m130.21,102.61c0,27.97-22.67,50.64-50.64,50.64s-50.64-22.67-50.64-50.64S79.58,4.34,79.58,4.34c0,0,50.64,70.31,50.64,98.27Z\"><\/path><path class=\"cls-1\" d=\"m118.93,103.64c0,21.83-17.7,39.53-39.53,39.53s-39.53-17.7-39.53-39.53S79.4,26.92,79.4,26.92c0,0,39.53,54.88,39.53,76.72Z\"><\/path><path class=\"cls-3\" d=\"m108.59,105.21c0,16.33-13.24,29.57-29.58,29.57s-29.58-13.24-29.58-29.57,29.58-57.4,29.58-57.4c0,0,29.58,41.06,29.58,57.4Z\"><\/path><path class=\"cls-3\" d=\"m98.41,106.67c0,10.72-8.69,19.4-19.4,19.4s-19.4-8.69-19.4-19.4,19.4-37.66,19.4-37.66c0,0,19.4,26.94,19.4,37.66Z\"><\/path><\/g><\/g><\/svg>\t\t\t<\/div>\n\t\t<\/div>\n\t\t\t\t<\/div>\n\t\t\t\t<\/div>\n\t\t\t\t\t<\/div>\n\t\t<\/div>\n\t\t\t\t<div class=\"elementor-column elementor-col-50 elementor-top-column elementor-element elementor-element-20296661\" data-id=\"20296661\" data-element_type=\"column\">\n\t\t\t<div class=\"elementor-widget-wrap elementor-element-populated\">\n\t\t\t\t\t\t\t\t<div class=\"elementor-element elementor-element-1921dfdc elementor-widget elementor-widget-heading\" data-id=\"1921dfdc\" data-element_type=\"widget\" data-widget_type=\"heading.default\">\n\t\t\t\t<div class=\"elementor-widget-container\">\n\t\t\t<style>\/*! elementor - v3.17.0 - 08-11-2023 *\/\n.elementor-heading-title{padding:0;margin:0;line-height:1}.elementor-widget-heading .elementor-heading-title[class*=elementor-size-]>a{color:inherit;font-size:inherit;line-height:inherit}.elementor-widget-heading .elementor-heading-title.elementor-size-small{font-size:15px}.elementor-widget-heading .elementor-heading-title.elementor-size-medium{font-size:19px}.elementor-widget-heading .elementor-heading-title.elementor-size-large{font-size:29px}.elementor-widget-heading .elementor-heading-title.elementor-size-xl{font-size:39px}.elementor-widget-heading .elementor-heading-title.elementor-size-xxl{font-size:59px}<\/style><h2 class=\"elementor-heading-title elementor-size-default\">Le mot du pr\u00e9sident Jean-Pierre DEBIESSE<\/h2>\t\t<\/div>\n\t\t\t\t<\/div>\n\t\t\t\t\t<\/div>\n\t\t<\/div>\n\t\t\t\t\t\t\t<\/div>\n\t\t<\/section>\n\t\t\t\t<section class=\"elementor-section elementor-top-section elementor-element elementor-element-1771251c elementor-section-boxed elementor-section-height-default elementor-section-height-default\" data-id=\"1771251c\" data-element_type=\"section\">\n\t\t\t\t\t\t<div class=\"elementor-container elementor-column-gap-default\">\n\t\t\t\t\t<div class=\"elementor-column elementor-col-100 elementor-top-column elementor-element elementor-element-28fc210b\" data-id=\"28fc210b\" data-element_type=\"column\">\n\t\t\t<div class=\"elementor-widget-wrap elementor-element-populated\">\n\t\t\t\t\t\t\t\t<div class=\"elementor-element elementor-element-39cbb2ef elementor-widget-divider--separator-type-pattern elementor-widget-divider--view-line elementor-widget elementor-widget-divider\" data-id=\"39cbb2ef\" data-element_type=\"widget\" data-widget_type=\"divider.default\">\n\t\t\t\t<div class=\"elementor-widget-container\">\n\t\t\t<style>\/*! elementor - v3.17.0 - 08-11-2023 *\/\n.elementor-widget-divider{--divider-border-style:none;--divider-border-width:1px;--divider-color:#0c0d0e;--divider-icon-size:20px;--divider-element-spacing:10px;--divider-pattern-height:24px;--divider-pattern-size:20px;--divider-pattern-url:none;--divider-pattern-repeat:repeat-x}.elementor-widget-divider .elementor-divider{display:flex}.elementor-widget-divider .elementor-divider__text{font-size:15px;line-height:1;max-width:95%}.elementor-widget-divider .elementor-divider__element{margin:0 var(--divider-element-spacing);flex-shrink:0}.elementor-widget-divider .elementor-icon{font-size:var(--divider-icon-size)}.elementor-widget-divider .elementor-divider-separator{display:flex;margin:0;direction:ltr}.elementor-widget-divider--view-line_icon .elementor-divider-separator,.elementor-widget-divider--view-line_text .elementor-divider-separator{align-items:center}.elementor-widget-divider--view-line_icon .elementor-divider-separator:after,.elementor-widget-divider--view-line_icon .elementor-divider-separator:before,.elementor-widget-divider--view-line_text .elementor-divider-separator:after,.elementor-widget-divider--view-line_text .elementor-divider-separator:before{display:block;content:\"\";border-bottom:0;flex-grow:1;border-top:var(--divider-border-width) var(--divider-border-style) var(--divider-color)}.elementor-widget-divider--element-align-left .elementor-divider .elementor-divider-separator>.elementor-divider__svg:first-of-type{flex-grow:0;flex-shrink:100}.elementor-widget-divider--element-align-left .elementor-divider-separator:before{content:none}.elementor-widget-divider--element-align-left .elementor-divider__element{margin-left:0}.elementor-widget-divider--element-align-right .elementor-divider .elementor-divider-separator>.elementor-divider__svg:last-of-type{flex-grow:0;flex-shrink:100}.elementor-widget-divider--element-align-right .elementor-divider-separator:after{content:none}.elementor-widget-divider--element-align-right .elementor-divider__element{margin-right:0}.elementor-widget-divider:not(.elementor-widget-divider--view-line_text):not(.elementor-widget-divider--view-line_icon) .elementor-divider-separator{border-top:var(--divider-border-width) var(--divider-border-style) var(--divider-color)}.elementor-widget-divider--separator-type-pattern{--divider-border-style:none}.elementor-widget-divider--separator-type-pattern.elementor-widget-divider--view-line .elementor-divider-separator,.elementor-widget-divider--separator-type-pattern:not(.elementor-widget-divider--view-line) .elementor-divider-separator:after,.elementor-widget-divider--separator-type-pattern:not(.elementor-widget-divider--view-line) .elementor-divider-separator:before,.elementor-widget-divider--separator-type-pattern:not([class*=elementor-widget-divider--view]) .elementor-divider-separator{width:100%;min-height:var(--divider-pattern-height);-webkit-mask-size:var(--divider-pattern-size) 100%;mask-size:var(--divider-pattern-size) 100%;-webkit-mask-repeat:var(--divider-pattern-repeat);mask-repeat:var(--divider-pattern-repeat);background-color:var(--divider-color);-webkit-mask-image:var(--divider-pattern-url);mask-image:var(--divider-pattern-url)}.elementor-widget-divider--no-spacing{--divider-pattern-size:auto}.elementor-widget-divider--bg-round{--divider-pattern-repeat:round}.rtl .elementor-widget-divider .elementor-divider__text{direction:rtl}.e-con-inner>.elementor-widget-divider,.e-con>.elementor-widget-divider{width:var(--container-widget-width,100%);--flex-grow:var(--container-widget-flex-grow)}<\/style>\t\t<div class=\"elementor-divider\" style=\"--divider-pattern-url: url(&quot;data:image\/svg+xml,%3Csvg xmlns=&#039;http:\/\/www.w3.org\/2000\/svg&#039; preserveAspectRatio=&#039;none&#039; overflow=&#039;visible&#039; height=&#039;100%&#039; viewBox=&#039;0 0 20 16&#039; fill=&#039;none&#039; stroke=&#039;black&#039; stroke-width=&#039;1&#039; stroke-linecap=&#039;square&#039; stroke-miterlimit=&#039;10&#039;%3E%3Cg transform=&#039;translate(-12.000000, 0)&#039;%3E%3Cpath d=&#039;M28,0L10,18&#039;\/%3E%3Cpath d=&#039;M18,0L0,18&#039;\/%3E%3Cpath d=&#039;M48,0L30,18&#039;\/%3E%3Cpath d=&#039;M38,0L20,18&#039;\/%3E%3C\/g%3E%3C\/svg%3E&quot;);\">\n\t\t\t<span class=\"elementor-divider-separator\">\n\t\t\t\t\t\t<\/span>\n\t\t<\/div>\n\t\t\t\t<\/div>\n\t\t\t\t<\/div>\n\t\t\t\t\t<\/div>\n\t\t<\/div>\n\t\t\t\t\t\t\t<\/div>\n\t\t<\/section>\n\t\t\t\t<section class=\"elementor-section elementor-top-section elementor-element elementor-element-29f57c30 elementor-section-boxed elementor-section-height-default elementor-section-height-default\" data-id=\"29f57c30\" data-element_type=\"section\">\n\t\t\t\t\t\t<div class=\"elementor-container elementor-column-gap-default\">\n\t\t\t\t\t<div class=\"elementor-column elementor-col-100 elementor-top-column elementor-element elementor-element-8288f62\" data-id=\"8288f62\" data-element_type=\"column\">\n\t\t\t<div class=\"elementor-widget-wrap elementor-element-populated\">\n\t\t\t\t\t\t\t\t<div class=\"elementor-element elementor-element-41568657 elementor-widget elementor-widget-text-editor\" data-id=\"41568657\" data-element_type=\"widget\" data-widget_type=\"text-editor.default\">\n\t\t\t\t<div class=\"elementor-widget-container\">\n\t\t\t<style>\/*! elementor - v3.17.0 - 08-11-2023 *\/\n.elementor-widget-text-editor.elementor-drop-cap-view-stacked .elementor-drop-cap{background-color:#69727d;color:#fff}.elementor-widget-text-editor.elementor-drop-cap-view-framed .elementor-drop-cap{color:#69727d;border:3px solid;background-color:transparent}.elementor-widget-text-editor:not(.elementor-drop-cap-view-default) .elementor-drop-cap{margin-top:8px}.elementor-widget-text-editor:not(.elementor-drop-cap-view-default) .elementor-drop-cap-letter{width:1em;height:1em}.elementor-widget-text-editor .elementor-drop-cap{float:left;text-align:center;line-height:1;font-size:50px}.elementor-widget-text-editor .elementor-drop-cap-letter{display:inline-block}<\/style>\t\t\t\t<p style=\"margin: 0px; caret-color: #595959; color: #595959; font-family: Lato, sans-serif; font-size: 14px; text-align: left;\"><img loading=\"lazy\" decoding=\"async\" class=\"wp-image-542  alignleft\" src=\"https:\/\/www.sieva.fr\/SIEVA2023\/wp-content\/uploads\/2023\/09\/DEBIESSE-Jeanpierre-150x150.png\" alt=\"\" width=\"179\" height=\"179\" \/>Si l\u2019eau est une ressource pr\u00e9cieuse, nous avons la chance qu\u2019elle soit abondante dans notre r\u00e9gion. <br \/>Cependant, il convient de la capter, de la rendre potable puis de la distribuer \u00e0 chacun d\u2019entre nous pour que la \u00ab magie \u00bb op\u00e8re :\u00a0\u00a0nous ouvrons un robinet et elle coule sans interruption.<\/p><p style=\"margin: 0px; caret-color: #595959; color: #595959; font-family: Lato, sans-serif; font-size: 14px; text-align: left;\">C\u2019est gr\u00e2ce \u00e0 l\u2019action du Syndicat Intercommunal des Eaux du Val d \u2018Azergues que ce r\u00e9sultat est possible.<\/p><p style=\"margin: 0px; caret-color: #595959; color: #595959; font-family: Lato, sans-serif; font-size: 14px; text-align: left;\">Cette eau est d\u2019abord extraite et trait\u00e9e par un autre syndicat, le Syndicat Mixte d\u2019Eau Potable Sa\u00f4ne-Turdine ; ensuite, le SIEVA la met \u00e0 disposition de ses abonn\u00e9s en utilisant pr\u00e8s de 700 km de canalisations, une dizaine de r\u00e9servoirs et de nombreuses pompes et mat\u00e9riels divers.<\/p><p style=\"margin: 0px; caret-color: #595959; color: #595959; font-family: Lato, sans-serif; font-size: 14px; text-align: left;\">Ces \u00e9quipements n\u00e9cessaires au bon fonctionnement de l\u2019ensemble sont la propri\u00e9t\u00e9 du syndicat qui a constitu\u00e9 ce patrimoine peu \u00e0 peu depuis 1937. Il est g\u00e9r\u00e9 par un conseil syndical form\u00e9 des d\u00e9l\u00e9gu\u00e9s envoy\u00e9s par les 22 communes qui le composent.<br \/>L\u2019entretien et l\u2019administration de ce service sont assur\u00e9s par une r\u00e9gie constitu\u00e9e d\u2019une vingtaine d\u2019agents d\u00e9vou\u00e9s au service public des abonn\u00e9s. Tous les jours, 24 heures sur 24, une \u00e9quipe se tient pr\u00eate \u00e0 intervenir en cas d\u2019incident sur le r\u00e9seau.<\/p><p style=\"margin: 0px; caret-color: #595959; color: #595959; font-family: Lato, sans-serif; font-size: 14px; text-align: left;\">Chaque ann\u00e9e, le syndicat effectue de nouveaux investissements de sorte que son r\u00e9seau conserve un rendement satisfaisant en r\u00e9duisant au maximum les pertes en eau.<\/p><p style=\"margin: 0px; caret-color: #595959; color: #595959; font-family: Lato, sans-serif; font-size: 14px; text-align: left;\">Ce travail engage et motive constamment vos d\u00e9l\u00e9gu\u00e9s municipaux et nos \u00e9quipes car tous sontconvaincus que cette eau qui nous para\u00eet si naturelle est un bien commun qu\u2019il nous faut prot\u00e9ger.<\/p><p style=\"margin: 0px; caret-color: #595959; color: #595959; font-family: Lato, sans-serif; font-size: 14px; text-align: left;\">Aujourd\u2019hui, comme demain, il nous faut garantir cette disponibilit\u00e9 et cette qualit\u00e9 de l\u2019eau que nous utilisons si facilement. Cette responsabilit\u00e9 incombe \u00e0 tous les acteurs de la fili\u00e8re, utilisateurs inclus.<\/p><p>Buvons l\u2019eau du SIEVA sans mod\u00e9ration mais utilisons la sans gaspillage.<\/p><p style=\"margin: 18px 0px 0px; caret-color: #595959; color: #595959; font-family: Lato, sans-serif; font-size: 14px; text-align: right;\"><strong>Jean-Pierre DEBIESSE \u00a0&#8211; Pr\u00e9sident du SIEVA<\/strong><\/p>\t\t\t\t\t\t<\/div>\n\t\t\t\t<\/div>\n\t\t\t\t\t<\/div>\n\t\t<\/div>\n\t\t\t\t\t\t\t<\/div>\n\t\t<\/section>\n\t\t\t\t<section class=\"elementor-section elementor-top-section elementor-element elementor-element-32559a0 elementor-section-height-min-height elementor-section-boxed elementor-section-height-default elementor-section-items-middle\" data-id=\"32559a0\" data-element_type=\"section\">\n\t\t\t\t\t\t<div class=\"elementor-container elementor-column-gap-default\">\n\t\t\t\t\t<div class=\"elementor-column elementor-col-100 elementor-top-column elementor-element elementor-element-ed74122\" data-id=\"ed74122\" data-element_type=\"column\">\n\t\t\t<div class=\"elementor-widget-wrap\">\n\t\t\t\t\t\t\t\t\t<\/div>\n\t\t<\/div>\n\t\t\t\t\t\t\t<\/div>\n\t\t<\/section>\n\t\t\t\t\t\t\t<\/div>\n\t\t","protected":false},"excerpt":{"rendered":"<p>Le mot du pr\u00e9sident Jean-Pierre DEBIESSE Si l\u2019eau est une ressource pr\u00e9cieuse, nous avons la chance qu\u2019elle soit abondante dans notre r\u00e9gion. Cependant, il convient de la capter, de la rendre potable puis de la distribuer \u00e0 chacun d\u2019entre nous pour que la \u00ab magie \u00bb op\u00e8re :\u00a0\u00a0nous ouvrons un robinet et elle coule sans [&hellip;]<\/p>\n","protected":false},"author":1,"featured_media":0,"parent":0,"menu_order":0,"comment_status":"closed","ping_status":"closed","template":"","meta":{"footnotes":""},"class_list":["post-522","page","type-page","status-publish","hentry"],"_links":{"self":[{"href":"https:\/\/www.sieva.fr\/SIEVA2023\/wp-json\/wp\/v2\/pages\/522","targetHints":{"allow":["GET"]}}],"collection":[{"href":"https:\/\/www.sieva.fr\/SIEVA2023\/wp-json\/wp\/v2\/pages"}],"about":[{"href":"https:\/\/www.sieva.fr\/SIEVA2023\/wp-json\/wp\/v2\/types\/page"}],"author":[{"embeddable":true,"href":"https:\/\/www.sieva.fr\/SIEVA2023\/wp-json\/wp\/v2\/users\/1"}],"replies":[{"embeddable":true,"href":"https:\/\/www.sieva.fr\/SIEVA2023\/wp-json\/wp\/v2\/comments?post=522"}],"version-history":[{"count":28,"href":"https:\/\/www.sieva.fr\/SIEVA2023\/wp-json\/wp\/v2\/pages\/522\/revisions"}],"predecessor-version":[{"id":1289,"href":"https:\/\/www.sieva.fr\/SIEVA2023\/wp-json\/wp\/v2\/pages\/522\/revisions\/1289"}],"wp:attachment":[{"href":"https:\/\/www.sieva.fr\/SIEVA2023\/wp-json\/wp\/v2\/media?parent=522"}],"curies":[{"name":"wp","href":"https:\/\/api.w.org\/{rel}","templated":true}]}}